{"id":1591,"date":"2022-04-26T07:45:33","date_gmt":"2022-04-26T07:45:33","guid":{"rendered":"https:\/\/studiokosmo.com\/demo\/?page_id=1591"},"modified":"2025-03-12T09:10:12","modified_gmt":"2025-03-12T09:10:12","slug":"where-we-are","status":"publish","type":"page","link":"https:\/\/www.residencerenaione.it\/it\/residence-renaione-punta-ala\/where-we-are\/","title":{"rendered":"Dove siamo"},"content":{"rendered":"<div class=\"mp-row-fluid motopress-row mpce-dsbl-margin-left mpce-dsbl-margin-right\">\n\n<div class=\"motopress-clmn mp-span12  mpce-dsbl-margin-left mpce-dsbl-margin-right\">\n\n<div class=\"mp-row-fluid motopress-row mpce-dsbl-margin-left mpce-dsbl-margin-right\">\n\n<div class=\"motopress-clmn mp-span12 mpce-dsbl-margin-left mpce-dsbl-margin-right\">\n\n<p><\/p>\n<div class=\"wp-block-getwid-section alignfull\">\n<div class=\"wp-block-getwid-section__wrapper\" style=\"min-height:100px;padding-top:2px\">\n<div class=\"wp-block-getwid-section__inner-wrapper\">\n<div class=\"wp-block-getwid-section__background-holder\">\n<div class=\"wp-block-getwid-section__background\"><\/div>\n<div class=\"wp-block-getwid-section__foreground\"><\/div>\n<\/div>\n<div class=\"wp-block-getwid-section__content\">\n<div class=\"wp-block-getwid-section__inner-content\"><\/p>\n<div class=\"wp-block-columns is-layout-flex wp-container-core-columns-is-layout-9d6595d7 wp-block-columns-is-layout-flex\"><\/p>\n<div class=\"wp-block-column is-layout-flow wp-block-column-is-layout-flow\" style=\"flex-basis:70%\">\r\n\t\t\t\r\n\r\n\t\t\t<div style=\"display:block; width:100%;\">\r\n\r\n\t\t\t\t\r\n\t\t\t\r\n\t\t\t\t<div id=\"wpgmaps_directions_notification_1\" style=\"display:none;\">Generazione indicazioni in corso......<\/div>\r\n\t\t\t\t<div id=\"wpgmaps_directions_reset_1\" style=\"display:none;\">\r\n\r\n\t\t\t\t\t<a href='javascript:void(0)' onclick='wpgmza_reset_directions(1);' id='wpgmaps_reset_directions' title='Indicazioni'>Indicazioni<\/a>\r\n\t\t\t\t\t<br \/>\r\n\t\t\t\t\t<a href='javascript: ;' id='wpgmaps_print_directions_1' target='_blank' title='Indicazioni'>Indicazioni<\/a>\r\n\t\t\t\t<\/div>\r\n\t\t\t\r\n\t\t\t\t<div id=\"directions_panel_1\"><\/div>\r\n\t\t\t\r\n\t\t\t<\/div>\r\n\r\n\t\t\t\r\n\t\t\t\r\n\t\t\t\r\n\r\n\t\t\t\r\n            <a name='map1'><\/a>\r\n\r\n\t\t\t<div class=\"wpgmza_map\" id=\"wpgmza_map_1\" style=\"display:block; overflow:auto; width:100%; height:800px; float:left;\" data-settings='{\"id\":\"1\",\"map_title\":\"New Map\",\"map_width\":\"100\",\"map_height\":\"800\",\"map_start_lat\":\"42.78928719861731\",\"map_start_lng\":\"10.55077519375\",\"map_start_location\":\"45.950464398418106,-109.81550500000003\",\"map_start_zoom\":\"10\",\"default_marker\":\"\",\"type\":\"3\",\"alignment\":\"4\",\"directions_enabled\":\"0\",\"styling_enabled\":\"0\",\"styling_json\":\"\",\"active\":\"0\",\"kml\":\"\",\"bicycle\":\"0\",\"traffic\":\"0\",\"dbox\":\"0\",\"dbox_width\":\"\",\"listmarkers\":\"0\",\"listmarkers_advanced\":\"0\",\"filterbycat\":\"0\",\"ugm_enabled\":\"0\",\"ugm_category_enabled\":\"0\",\"fusion\":\"\",\"map_width_type\":\"%\",\"map_height_type\":\"px\",\"mass_marker_support\":\"0\",\"ugm_access\":\"0\",\"order_markers_by\":\"0\",\"order_markers_choice\":\"0\",\"show_user_location\":\"0\",\"default_to\":\"\",\"other_settings\":{\"map_type\":1,\"sl_stroke_color\":\"\",\"sl_fill_color\":\"\",\"sl_stroke_opacity\":\"\",\"sl_fill_opacity\":\"\",\"transport_layer\":false,\"action\":\"wpgmza_save_map\",\"redirect_to\":\"\\\/demo\\\/wp-admin\\\/admin-post.php\",\"map_id\":\"1\",\"http_referer\":\"\\\/demo\\\/wp-admin\\\/admin.php?page=wp-google-maps-menu&amp;amp;action=edit&amp;amp;map_id=1\",\"wpgmza_id\":\"1\",\"wpgmza_start_location\":\"42.78928719861731,10.55077519375\",\"wpgmza_start_zoom\":\"10\",\"wpgmza_theme_data\":\"\",\"store_locator_enabled\":false,\"store_locator_search_area\":\"radial\",\"wpgmza_store_locator_radius_style\":\"legacy\",\"wpgmza_store_locator_default_radius\":\"10\",\"store_locator_auto_area_max_zoom\":\"\",\"store_locator_distance\":false,\"wpgmza_store_locator_position\":false,\"store_locator_show_distance\":false,\"store_locator_category\":false,\"wpgmza_store_locator_use_their_location\":false,\"wpgmza_store_locator_bounce\":false,\"wpgmza_sl_animation\":null,\"wpgmza_store_locator_hide_before_search\":false,\"store_locator_query_string\":\"\",\"store_locator_default_address\":\"\",\"store_locator_name_search\":false,\"store_locator_name_string\":\"\",\"store_locator_not_found_message\":\"\",\"wpgmza_map_align\":\"1\",\"jump_to_nearest_marker_on_initialization\":false,\"automatically_pan_to_users_location\":false,\"override_users_location_zoom_level\":false,\"override_users_location_zoom_levels\":\"\",\"show_distance_from_location\":false,\"map_max_zoom\":\"21\",\"map_min_zoom\":\"0\",\"click_open_link\":false,\"fit_maps_bounds_to_markers\":false,\"fit_maps_bounds_to_markers_after_filtering\":false,\"hide_point_of_interest\":false,\"wpgmza_zoom_on_marker_click\":false,\"wpgmza_zoom_on_marker_click_slider\":\"\",\"close_infowindow_on_map_click\":false,\"disable_lightbox_images\":false,\"use_Raw_Jpeg_Coordinates\":false,\"polygon_labels\":false,\"disable_polygon_info_windows\":false,\"enable_marker_ratings\":false,\"only_load_markers_within_viewport\":false,\"iw_primary_color\":\"#000000\",\"iw_accent_color\":\"#000000\",\"iw_text_color\":\"#000000\",\"wpgmza_listmarkers_by\":\"0\",\"wpgmza_marker_listing_position\":false,\"wpgmza_push_in_map\":false,\"wpgmza_push_in_map_placement\":null,\"wpgmza_push_in_map_width\":\"\",\"wpgmza_push_in_map_height\":\"\",\"zoom_level_on_marker_listing_override\":false,\"zoom_level_on_marker_listing_click\":\"\",\"datatable_no_result_message\":\"\",\"remove_search_box_datables\":false,\"dataTable_pagination_style\":null,\"datatable_search_string\":\"\",\"datatable_result_start\":\"\",\"datatable_result_of\":\"\",\"datatable_result_to\":\"\",\"datatable_result_total\":\"\",\"datatable_result_show\":\"\",\"datatable_result_entries\":\"\",\"wpgmza_savemap\":\"Save Map \\u00bb\",\"shortcodeAttributes\":{\"id\":\"1\"}}}' data-map-id='1' data-shortcode-attributes='{\"id\":\"1\"}' > <\/div>   \r\n\t\t\t\r\n\r\n\t\t\t\r\n\t\t\t\r\n\r\n        \n<\/div>\n<p><\/p>\n<p><\/p>\n<div class=\"wp-block-column is-layout-flow wp-block-column-is-layout-flow\" style=\"flex-basis:30%\"><\/p>\n<div class=\"wp-block-getwid-advanced-heading is-style-style-1\">\n<h4 class=\"wp-block-getwid-advanced-heading__content\"><strong>RESIDENCE RENAIONE<\/strong><\/h4>\n<\/div>\n<p><\/p>\n<p><\/p>\n<p>Via della Tartana n 1,<br \/>Punta Ala, Castiglione della Pescaia (GR)<br \/>CAP 58043 &#8211; Italy<\/p>\n<p><\/p>\n<p><\/p>\n<div class=\"wp-block-getwid-advanced-heading is-style-style-1\">\n<h4 class=\"wp-block-getwid-advanced-heading__content\"><strong>COORDINATE GPS<\/strong><\/h4>\n<\/div>\n<p><\/p>\n<p><\/p>\n<p>Via del Renaione<br \/>Punta Ala, Castiglione della Pescaia (GR)<br \/>CAP 58043 &#8211; Italy<\/p>\n<p><\/p>\n<p><\/p>\n<p><strong>Coordinate GPS:<\/strong>&nbsp;42\u00b048&#8217;09.5&#8243;N \/ 10\u00b044&#8217;51.7&#8243;E<br \/><strong>Google Maps Link:<\/strong>&nbsp;<a href=\"https:\/\/www.google.it\/maps\/dir\/\/RESIDENCE+RENAIONE,+VIA+DELLA+TARTANA,+1,+58043+Punta+Ala+GR\/@42.8025505,10.7465935,17.33z\/data=!4m8!4m7!1m0!1m5!1m1!1s0x1329d0f4834f7ba5:0xbfe2f3a215a4071f!2m2!1d10.748169!2d42.80206\" target=\"_blank\" rel=\"noreferrer noopener\">42.802642, 10.747697<\/a><\/p>\n<p><\/p>\n<p><\/p>\n<div class=\"wp-block-getwid-advanced-heading\">\n<h4 class=\"wp-block-getwid-advanced-heading__content\"><strong>CONTATTI<\/strong><\/h4>\n<\/div>\n<p><\/p>\n<p><\/p>\n<p>Tel: +39 0564 922060<br \/>Cell: +39 338 7203062<br \/>Fax: + 39 0564 924840<\/p>\n<p><\/p>\n<p><\/p>\n<p>info@residencerenaione.it<\/p>\n<p><\/p>\n<p><\/p>\n<p><\/div>\n<p><\/div>\n<p><\/div>\n<\/div>\n<\/div>\n<\/div>\n<\/div>\n<p><\/p>\n<p><\/p>\n<div class=\"wp-block-getwid-section alignfull\">\n<div class=\"wp-block-getwid-section__wrapper\">\n<div class=\"wp-block-getwid-section__inner-wrapper\">\n<div class=\"wp-block-getwid-section__background-holder\">\n<div class=\"wp-block-getwid-section__background\"><\/div>\n<div class=\"wp-block-getwid-section__foreground\"><\/div>\n<\/div>\n<div class=\"wp-block-getwid-section__content\">\n<div class=\"wp-block-getwid-section__inner-content\"><\/p>\n<div class=\"wp-block-columns is-layout-flex wp-container-core-columns-is-layout-9d6595d7 wp-block-columns-is-layout-flex\"><\/p>\n<div class=\"wp-block-column is-layout-flow wp-block-column-is-layout-flow\"><\/p>\n<div class=\"wp-block-getwid-advanced-heading is-style-style-1\">\n<h3 class=\"wp-block-getwid-advanced-heading__content\" style=\"font-family:\"actor\";font-weight:normal\">COME ARRIVARE A PUNTA ALA<\/h3>\n<\/div>\n<p><\/div>\n<p><\/div>\n<p><\/p>\n<p><\/p>\n<p><strong>In auto da Nord:<\/strong><br \/>Percorrere l'autostrada E80 (A12 Genova \u2013 Livorno al casello di Rosignano Marittimo), quindi proseguire sulla 4 corsie E80 (SS1 Aurelia) fino all'uscita Follonica Nord, attraversate la citt\u00e0 in direzione del mare per imboccare la SP158 per 10 km. Al bivio in localit\u00e0 Pian d'Alma svoltare a destra verso Punta Ala.<\/p>\n<p><\/p>\n<p><\/p>\n<p><strong>In auto da Sud:<\/strong><br \/>Percorrere l'autostrada E80 (A12 Roma-Tarquinia) fino a Tarquinia, proseguire sulla 4 corsie E80 (SS1 Aurelia) fino all'uscita Grosseto Nord e seguire le indicazioni per Castiglione della Pescaia a 20 km. Superare il paese dalla via Panoramica e imboccare la SP158. Dopo 20km, al bivio in localit\u00e0 Pian d'Alma svoltare a sinistra verso Punta Ala.<\/p>\n<p><\/p>\n<p><\/p>\n<p><strong>Aeroporti vicini:<\/strong><\/p>\n<p><\/p>\n<p><\/p>\n<ul class=\"wp-block-list\">\n<li>Pisa, Aeroporto Galileo Galilei (PSA) a circa 120km<\/li>\n<li>- Firenze, Aeroporto Amerigo Vespucci (FLR) a circa 160km<\/li>\n<li>- Roma Fiumicino, Aeroporto Leonardo da Vinci (FCO) a circa 210km<\/li>\n<\/ul>\n<p><\/p>\n<p><\/p>\n<p><strong>In treno e autobus:<\/strong><\/p>\n<p><\/p>\n<p><\/p>\n<ul class=\"wp-block-list\">\n<li>La stazione ferroviaria pi\u00f9 vicina da Nord \u00e8 Follonica (20km), mentre da Sud \u00e8 Grosseto (40km).<\/li>\n<li>- Le due stazioni sono unite via autobus a Punta Ala dalla linea 29F della societ\u00e0 di trasporti TIEMME, \u00e8 possibile consultare gli orari aggiornati sul sito della compagnia <a href=\"https:\/\/www.tiemmespa.it\/\" target=\"_blank\" rel=\"noreferrer noopener nofollow\" title=\"company's website\">company&#8217;s website<\/a><\/li>\n<\/ul>\n<p><\/div>\n<\/div>\n<\/div>\n<\/div>\n<\/div>\n<p><\/p>\n<p><\/p>\n<div class=\"wp-block-columns is-layout-flex wp-container-core-columns-is-layout-9d6595d7 wp-block-columns-is-layout-flex\"><\/p>\n<div class=\"wp-block-column is-layout-flow wp-block-column-is-layout-flow\"><\/div>\n<p><\/div>\n<p><\/p>\n\n<\/div>\n\n<\/div>\n\n<div id=\"preventivo\" class=\"mp-row-fluid motopress-row mpce-dsbl-margin-left mpce-dsbl-margin-right\">\n\n<div class=\"motopress-clmn mp-span12 mpce-dsbl-margin-left mpce-dsbl-margin-right\">\n\n<div class=\"motopress-text-obj motopress-margin-top-50 motopress-margin-bottom-50\">\n\n<h3 style=\"text-align: center;\"><span style=\"font-size: 30px;\">&nbsp;Richiedi Preventivo Gratuito<\/span><\/h3>\n\n<\/div>\n\n<\/div>\n\n<\/div>\n\n<\/div>\n\n<\/div>\n\n<div class=\"mp-row-fluid motopress-row mpce-dsbl-margin-left mpce-dsbl-margin-right\">\n\n<div class=\"motopress-clmn mp-span2  mpce-dsbl-margin-left mpce-dsbl-margin-right  motopress-empty mp-hidden-phone\">\n\n<\/div>\n\n<div class=\"motopress-clmn mp-span8  mpce-dsbl-margin-left mpce-dsbl-margin-right\">\n\n<div class=\"motopress-embed-obj fill-space\"><link href=\"https:\/\/cdn.ciaobooking.com\/quote-widget\/css\/app.css\" rel=\"stylesheet\"\/><cb-quote          color=\"#987415FF\"          alternative-submit=\"false\"          font-family=\"Montserrat\"          referral=\"form\"          redirect=\"https:\/\/www.residencerenaione.it\/it\/grazie\/\"          company=\"NzIw\"          property=\"140285\"          with-country=\"true\"          ><\/cb-quote><script src=\"https:\/\/cdn.ciaobooking.com\/quote-widget\/js\/app.js\"><\/script><\/div>\n\n<\/div>\n\n<div class=\"motopress-clmn mp-span2  mpce-dsbl-margin-left mpce-dsbl-margin-right  motopress-empty mp-hidden-phone\">\n\n<\/div>\n\n<\/div>","protected":false},"excerpt":{"rendered":"Generazione indicazioni in corso&#8230;&#8230; Indicazioni Indicazioni RESIDENCE RENAIONE Via della Tartana n 1,Punta Ala, Castiglione della Pescaia (GR)CAP 58043 &#8211; Italy GPS DIRECTIONS Via del RenaionePunta Ala, Castiglione della Pescaia (GR)CAP 58043 &#8211; Italy Coordinates:&nbsp;42\u00b048&#8217;09.5&#8243;N \/ 10\u00b044&#8217;51.7&#8243;EGoogle Maps Link:&nbsp;42.802642, 10.747697 CONTACTS Phone: +39 0564 922060Mobile: +39 338 7203062Fax: + 39 0564 924840 info@residencerenaione.it HOW TO [&hellip;]","protected":false},"author":1,"featured_media":0,"parent":228,"menu_order":1,"comment_status":"closed","ping_status":"closed","template":"","meta":{"inline_featured_image":false,"footnotes":""},"class_list":["post-1591","page","type-page","status-publish","hentry"],"aioseo_notices":[],"jetpack_sharing_enabled":true,"_links":{"self":[{"href":"https:\/\/www.residencerenaione.it\/it\/wp-json\/wp\/v2\/pages\/1591","targetHints":{"allow":["GET"]}}],"collection":[{"href":"https:\/\/www.residencerenaione.it\/it\/wp-json\/wp\/v2\/pages"}],"about":[{"href":"https:\/\/www.residencerenaione.it\/it\/wp-json\/wp\/v2\/types\/page"}],"author":[{"embeddable":true,"href":"https:\/\/www.residencerenaione.it\/it\/wp-json\/wp\/v2\/users\/1"}],"replies":[{"embeddable":true,"href":"https:\/\/www.residencerenaione.it\/it\/wp-json\/wp\/v2\/comments?post=1591"}],"version-history":[{"count":32,"href":"https:\/\/www.residencerenaione.it\/it\/wp-json\/wp\/v2\/pages\/1591\/revisions"}],"predecessor-version":[{"id":2682,"href":"https:\/\/www.residencerenaione.it\/it\/wp-json\/wp\/v2\/pages\/1591\/revisions\/2682"}],"up":[{"embeddable":true,"href":"https:\/\/www.residencerenaione.it\/it\/wp-json\/wp\/v2\/pages\/228"}],"wp:attachment":[{"href":"https:\/\/www.residencerenaione.it\/it\/wp-json\/wp\/v2\/media?parent=1591"}],"curies":[{"name":"wp","href":"https:\/\/api.w.org\/{rel}","templated":true}]}}